{"id":234,"date":"2016-07-24T16:10:23","date_gmt":"2016-07-24T14:10:23","guid":{"rendered":"https:\/\/www.beenaroundtheglobe.com\/?page_id=234"},"modified":"2020-11-06T23:03:06","modified_gmt":"2020-11-06T21:03:06","slug":"contactez-moi","status":"publish","type":"page","link":"https:\/\/www.beenaroundtheglobe.com\/fr\/contactez-moi\/","title":{"rendered":"Contact"},"content":{"rendered":"<h1>\n\t\tContact\n\t<\/h1>\n\t<h2><!--\n\t--><!--\t--><!--\n\t-->\n\t<\/h2>\n\t<p>Pour commencer, merci d\u2019avoir pris le temps de visiter ce blog!<\/p>\n<p>N\u2019h\u00e9sitez pas \u00e0 me contacter. Si vous avez des questions, si vous voulez donner vos impressions\u2026 Il suffit juste de remplir le formulaire \u00e0 c\u00f4t\u00e9 ou de m\u2019envoyer un e-mail \u00e0 : roobens [at] beenaroundtheglobe [dot] com<\/p>\n<p>Je reviendrai vers vous le plus rapidement possible. N\u2019oubliez pas que je suis parfois dans des zones avec un acc\u00e8s \u00e0 internet limit\u00e9.<\/p>\nPrenez soin de vous!<br \/>\nRoobens\n","protected":false},"excerpt":{"rendered":"<p>Contact Pour commencer, merci d\u2019avoir pris le temps de visiter ce blog! N\u2019h\u00e9sitez pas \u00e0 me contacter. Si vous avez des questions, si vous voulez donner vos impressions\u2026 Il suffit juste de remplir le formulaire \u00e0 c\u00f4t\u00e9 ou de m\u2019envoyer un e-mail \u00e0 : roobens [at] beenaroundtheglobe [dot] com Je reviendrai vers vous le plus [&hellip;]<\/p>\n","protected":false},"author":2,"featured_media":0,"parent":0,"menu_order":0,"comment_status":"closed","ping_status":"closed","template":"templates\/page-builder.php","meta":{"_genesis_hide_title":false,"_genesis_hide_breadcrumbs":false,"_genesis_hide_singular_image":false,"_genesis_hide_footer_widgets":false,"_genesis_custom_body_class":"","_genesis_custom_post_class":"","_genesis_layout":"","footnotes":""},"class_list":{"0":"post-234","1":"page","2":"type-page","3":"status-publish","5":"entry","6":"has-post-thumbnail"},"yoast_head":"<!-- This site is optimized with the Yoast SEO plugin v26.2 - https:\/\/yoast.com\/wordpress\/plugins\/seo\/ -->\n<title>Contact - Been Around The Globe<\/title>\n<meta name=\"description\" content=\"Page to contact me if you have any questions regarding my blog. Contact me via e-mail or via the form, I&#039;ll get back to you as soon as possible.\" \/>\n<meta name=\"robots\" content=\"index, follow, max-snippet:-1, max-image-preview:large, max-video-preview:-1\" \/>\n<link rel=\"canonical\" href=\"https:\/\/www.beenaroundtheglobe.com\/fr\/contactez-moi\/\" \/>\n<meta property=\"og:locale\" content=\"fr_FR\" \/>\n<meta property=\"og:type\" content=\"article\" \/>\n<meta property=\"og:title\" content=\"Contact - Been Around The Globe\" \/>\n<meta property=\"og:description\" content=\"Page to contact me if you have any questions regarding my blog. Contact me via e-mail or via the form, I&#039;ll get back to you as soon as possible.\" \/>\n<meta property=\"og:url\" content=\"https:\/\/www.beenaroundtheglobe.com\/fr\/contactez-moi\/\" \/>\n<meta property=\"og:site_name\" content=\"Been Around The Globe\" \/>\n<meta property=\"article:modified_time\" content=\"2020-11-06T21:03:06+00:00\" \/>\n<meta name=\"twitter:card\" content=\"summary_large_image\" \/>\n<script type=\"application\/ld+json\" class=\"yoast-schema-graph\">{\"@context\":\"https:\/\/schema.org\",\"@graph\":[{\"@type\":\"WebPage\",\"@id\":\"https:\/\/www.beenaroundtheglobe.com\/fr\/contactez-moi\/\",\"url\":\"https:\/\/www.beenaroundtheglobe.com\/fr\/contactez-moi\/\",\"name\":\"Contact - Been Around The Globe\",\"isPartOf\":{\"@id\":\"https:\/\/www.beenaroundtheglobe.com\/#website\"},\"datePublished\":\"2016-07-24T14:10:23+00:00\",\"dateModified\":\"2020-11-06T21:03:06+00:00\",\"description\":\"Page to contact me if you have any questions regarding my blog. Contact me via e-mail or via the form, I'll get back to you as soon as possible.\",\"breadcrumb\":{\"@id\":\"https:\/\/www.beenaroundtheglobe.com\/fr\/contactez-moi\/#breadcrumb\"},\"inLanguage\":\"fr-FR\",\"potentialAction\":[{\"@type\":\"ReadAction\",\"target\":[\"https:\/\/www.beenaroundtheglobe.com\/fr\/contactez-moi\/\"]}]},{\"@type\":\"BreadcrumbList\",\"@id\":\"https:\/\/www.beenaroundtheglobe.com\/fr\/contactez-moi\/#breadcrumb\",\"itemListElement\":[{\"@type\":\"ListItem\",\"position\":1,\"name\":\"Accueil\",\"item\":\"https:\/\/www.beenaroundtheglobe.com\/fr\/\"},{\"@type\":\"ListItem\",\"position\":2,\"name\":\"Contact\"}]},{\"@type\":\"WebSite\",\"@id\":\"https:\/\/www.beenaroundtheglobe.com\/#website\",\"url\":\"https:\/\/www.beenaroundtheglobe.com\/\",\"name\":\"Been Around The Globe\",\"description\":\"Black Travel Blog\",\"potentialAction\":[{\"@type\":\"SearchAction\",\"target\":{\"@type\":\"EntryPoint\",\"urlTemplate\":\"https:\/\/www.beenaroundtheglobe.com\/?s={search_term_string}\"},\"query-input\":{\"@type\":\"PropertyValueSpecification\",\"valueRequired\":true,\"valueName\":\"search_term_string\"}}],\"inLanguage\":\"fr-FR\"}]}<\/script>\n<!-- \/ Yoast SEO plugin. -->","yoast_head_json":{"title":"Contact - Been Around The Globe","description":"Page to contact me if you have any questions regarding my blog. Contact me via e-mail or via the form, I'll get back to you as soon as possible.","robots":{"index":"index","follow":"follow","max-snippet":"max-snippet:-1","max-image-preview":"max-image-preview:large","max-video-preview":"max-video-preview:-1"},"canonical":"https:\/\/www.beenaroundtheglobe.com\/fr\/contactez-moi\/","og_locale":"fr_FR","og_type":"article","og_title":"Contact - Been Around The Globe","og_description":"Page to contact me if you have any questions regarding my blog. Contact me via e-mail or via the form, I'll get back to you as soon as possible.","og_url":"https:\/\/www.beenaroundtheglobe.com\/fr\/contactez-moi\/","og_site_name":"Been Around The Globe","article_modified_time":"2020-11-06T21:03:06+00:00","twitter_card":"summary_large_image","schema":{"@context":"https:\/\/schema.org","@graph":[{"@type":"WebPage","@id":"https:\/\/www.beenaroundtheglobe.com\/fr\/contactez-moi\/","url":"https:\/\/www.beenaroundtheglobe.com\/fr\/contactez-moi\/","name":"Contact - Been Around The Globe","isPartOf":{"@id":"https:\/\/www.beenaroundtheglobe.com\/#website"},"datePublished":"2016-07-24T14:10:23+00:00","dateModified":"2020-11-06T21:03:06+00:00","description":"Page to contact me if you have any questions regarding my blog. Contact me via e-mail or via the form, I'll get back to you as soon as possible.","breadcrumb":{"@id":"https:\/\/www.beenaroundtheglobe.com\/fr\/contactez-moi\/#breadcrumb"},"inLanguage":"fr-FR","potentialAction":[{"@type":"ReadAction","target":["https:\/\/www.beenaroundtheglobe.com\/fr\/contactez-moi\/"]}]},{"@type":"BreadcrumbList","@id":"https:\/\/www.beenaroundtheglobe.com\/fr\/contactez-moi\/#breadcrumb","itemListElement":[{"@type":"ListItem","position":1,"name":"Accueil","item":"https:\/\/www.beenaroundtheglobe.com\/fr\/"},{"@type":"ListItem","position":2,"name":"Contact"}]},{"@type":"WebSite","@id":"https:\/\/www.beenaroundtheglobe.com\/#website","url":"https:\/\/www.beenaroundtheglobe.com\/","name":"Been Around The Globe","description":"Black Travel Blog","potentialAction":[{"@type":"SearchAction","target":{"@type":"EntryPoint","urlTemplate":"https:\/\/www.beenaroundtheglobe.com\/?s={search_term_string}"},"query-input":{"@type":"PropertyValueSpecification","valueRequired":true,"valueName":"search_term_string"}}],"inLanguage":"fr-FR"}]}},"_links":{"self":[{"href":"https:\/\/www.beenaroundtheglobe.com\/fr\/wp-json\/wp\/v2\/pages\/234","targetHints":{"allow":["GET"]}}],"collection":[{"href":"https:\/\/www.beenaroundtheglobe.com\/fr\/wp-json\/wp\/v2\/pages"}],"about":[{"href":"https:\/\/www.beenaroundtheglobe.com\/fr\/wp-json\/wp\/v2\/types\/page"}],"author":[{"embeddable":true,"href":"https:\/\/www.beenaroundtheglobe.com\/fr\/wp-json\/wp\/v2\/users\/2"}],"replies":[{"embeddable":true,"href":"https:\/\/www.beenaroundtheglobe.com\/fr\/wp-json\/wp\/v2\/comments?post=234"}],"version-history":[{"count":5,"href":"https:\/\/www.beenaroundtheglobe.com\/fr\/wp-json\/wp\/v2\/pages\/234\/revisions"}],"predecessor-version":[{"id":34322,"href":"https:\/\/www.beenaroundtheglobe.com\/fr\/wp-json\/wp\/v2\/pages\/234\/revisions\/34322"}],"wp:attachment":[{"href":"https:\/\/www.beenaroundtheglobe.com\/fr\/wp-json\/wp\/v2\/media?parent=234"}],"curies":[{"name":"wp","href":"https:\/\/api.w.org\/{rel}","templated":true}]}}